{"id":6846,"date":"2024-03-23T06:24:15","date_gmt":"2024-03-23T13:24:15","guid":{"rendered":"https:\/\/marrakech-desert-travel.com\/ueber-uns\/"},"modified":"2024-04-04T05:26:49","modified_gmt":"2024-04-04T12:26:49","slug":"ueber-uns","status":"publish","type":"page","link":"https:\/\/marrakech-desert-travel.com\/de\/ueber-uns\/","title":{"rendered":"\u00dcber uns"},"content":{"rendered":"\t\t<div data-elementor-type=\"wp-page\" data-elementor-id=\"6846\" class=\"elementor elementor-6846 elementor-6721\">\n\t\t\t\t<div class=\"elementor-element elementor-element-6c3955c0 e-flex e-con-boxed e-con e-parent\" data-id=\"6c3955c0\" data-element_type=\"container\" data-e-type=\"container\" data-settings=\"{&quot;background_background&quot;:&quot;classic&quot;}\">\n\t\t\t\t\t<div class=\"e-con-inner\">\n\t\t<div class=\"elementor-element elementor-element-12fb2396 e-con-full e-flex e-con e-child\" data-id=\"12fb2396\" data-element_type=\"container\" data-e-type=\"container\">\n\t\t\t\t<div class=\"elementor-element elementor-element-5752989e elementor-widget elementor-widget-image\" data-id=\"5752989e\" data-element_type=\"widget\" data-e-type=\"widget\" data-widget_type=\"image.default\">\n\t\t\t\t<div class=\"elementor-widget-container\">\n\t\t\t\t\t\t\t\t\t\t\t\t\t\t\t<img fetchpriority=\"high\" decoding=\"async\" width=\"300\" height=\"300\" src=\"https:\/\/marrakech-desert-travel.com\/wp-content\/uploads\/2024\/03\/1710504386328-300x300.jpg\" class=\"attachment-medium size-medium wp-image-5775\" alt=\"\" srcset=\"https:\/\/marrakech-desert-travel.com\/wp-content\/uploads\/2024\/03\/1710504386328-300x300.jpg 300w, https:\/\/marrakech-desert-travel.com\/wp-content\/uploads\/2024\/03\/1710504386328-1024x1024.jpg 1024w, https:\/\/marrakech-desert-travel.com\/wp-content\/uploads\/2024\/03\/1710504386328-150x150.jpg 150w, https:\/\/marrakech-desert-travel.com\/wp-content\/uploads\/2024\/03\/1710504386328-1536x1536.jpg 1536w, https:\/\/marrakech-desert-travel.com\/wp-content\/uploads\/2024\/03\/1710504386328-2048x2048.jpg 2048w, https:\/\/marrakech-desert-travel.com\/wp-content\/uploads\/2024\/03\/1710504386328-100x100.jpg 100w\" sizes=\"(max-width: 300px) 100vw, 300px\" \/>\t\t\t\t\t\t\t\t\t\t\t\t\t\t\t<\/div>\n\t\t\t\t<\/div>\n\t\t\t\t<\/div>\n\t\t<div class=\"elementor-element elementor-element-140ec242 e-con-full e-flex e-con e-child\" data-id=\"140ec242\" data-element_type=\"container\" data-e-type=\"container\">\n\t\t\t\t<div class=\"elementor-element elementor-element-52927109 elementor-widget elementor-widget-heading\" data-id=\"52927109\" data-element_type=\"widget\" data-e-type=\"widget\" data-widget_type=\"heading.default\">\n\t\t\t\t<div class=\"elementor-widget-container\">\n\t\t\t\t\t<h2 class=\"elementor-heading-title elementor-size-default\">Omar<\/h2>\t\t\t\t<\/div>\n\t\t\t\t<\/div>\n\t\t\t\t<div class=\"elementor-element elementor-element-7bbaf759 elementor-widget elementor-widget-text-editor\" data-id=\"7bbaf759\" data-element_type=\"widget\" data-e-type=\"widget\" data-widget_type=\"text-editor.default\">\n\t\t\t\t<div class=\"elementor-widget-container\">\n\t\t\t\t\t\t\t\t\t<p><span style=\"font-family: 'comic sans ms', sans-serif; font-size: 14pt;\">Entdecken Sie Marrakesch durch die Augen eines erfahrenen lokalen Experten, Omar. Omar ist von der marokkanischen Tourismusbeh\u00f6rde zertifiziert und bringt eine F\u00fclle von Wissen und Leidenschaft mit, um die Sch\u00f6nheit und den kulturellen Reichtum seines Heimatlandes zu pr\u00e4sentieren. Mit Omar als Reisef\u00fchrer enth\u00fcllen Sie die Geheimnisse der gesch\u00e4ftigen M\u00e4rkte, versteckten Sch\u00e4tze und historischen St\u00e4tten von Marrakesch und sorgen so f\u00fcr eine unvergessliche Reise. F\u00fcr Anfragen und Buchungen wenden Sie sich bitte an Omar unter:<\/span><\/p>\n<p>&nbsp;<\/p>\n<p><span style=\"font-family: 'comic sans ms', sans-serif; font-size: 14pt;\">\ud83d\udcde Telefon: +212617777800<\/span><\/p>\n<p><span style=\"font-family: 'comic sans ms', sans-serif; font-size: 14pt;\">\ud83d\udce7 E-Mail: booking@marrakech-desert-travel.com<\/span><\/p>\n\t\t\t\t\t\t\t\t<\/div>\n\t\t\t\t<\/div>\n\t\t\t\t<\/div>\n\t\t\t\t\t<\/div>\n\t\t\t\t<\/div>\n\t\t<div class=\"elementor-element elementor-element-b76d50e e-flex e-con-boxed e-con e-parent\" data-id=\"b76d50e\" data-element_type=\"container\" data-e-type=\"container\" data-settings=\"{&quot;background_background&quot;:&quot;gradient&quot;}\">\n\t\t\t\t\t<div class=\"e-con-inner\">\n\t\t<div class=\"elementor-element elementor-element-bb78c26 e-con-full e-flex e-con e-child\" data-id=\"bb78c26\" data-element_type=\"container\" data-e-type=\"container\">\n\t\t\t\t<div class=\"elementor-element elementor-element-337ab07 elementor-widget elementor-widget-image\" data-id=\"337ab07\" data-element_type=\"widget\" data-e-type=\"widget\" data-widget_type=\"image.default\">\n\t\t\t\t<div class=\"elementor-widget-container\">\n\t\t\t\t\t\t\t\t\t\t\t\t\t\t\t<img decoding=\"async\" width=\"300\" height=\"300\" src=\"https:\/\/marrakech-desert-travel.com\/wp-content\/uploads\/2024\/03\/abdeljalil-marrakech-desert-travel-guide-300x300.jpg\" class=\"attachment-medium size-medium wp-image-5905\" alt=\"\" srcset=\"https:\/\/marrakech-desert-travel.com\/wp-content\/uploads\/2024\/03\/abdeljalil-marrakech-desert-travel-guide-300x300.jpg 300w, https:\/\/marrakech-desert-travel.com\/wp-content\/uploads\/2024\/03\/abdeljalil-marrakech-desert-travel-guide-1024x1024.jpg 1024w, https:\/\/marrakech-desert-travel.com\/wp-content\/uploads\/2024\/03\/abdeljalil-marrakech-desert-travel-guide-150x150.jpg 150w, https:\/\/marrakech-desert-travel.com\/wp-content\/uploads\/2024\/03\/abdeljalil-marrakech-desert-travel-guide-1536x1536.jpg 1536w, https:\/\/marrakech-desert-travel.com\/wp-content\/uploads\/2024\/03\/abdeljalil-marrakech-desert-travel-guide-2048x2048.jpg 2048w, https:\/\/marrakech-desert-travel.com\/wp-content\/uploads\/2024\/03\/abdeljalil-marrakech-desert-travel-guide-100x100.jpg 100w\" sizes=\"(max-width: 300px) 100vw, 300px\" \/>\t\t\t\t\t\t\t\t\t\t\t\t\t\t\t<\/div>\n\t\t\t\t<\/div>\n\t\t\t\t<\/div>\n\t\t<div class=\"elementor-element elementor-element-809e641 e-con-full e-flex e-con e-child\" data-id=\"809e641\" data-element_type=\"container\" data-e-type=\"container\">\n\t\t\t\t<div class=\"elementor-element elementor-element-f0b8588 elementor-widget elementor-widget-heading\" data-id=\"f0b8588\" data-element_type=\"widget\" data-e-type=\"widget\" data-widget_type=\"heading.default\">\n\t\t\t\t<div class=\"elementor-widget-container\">\n\t\t\t\t\t<h2 class=\"elementor-heading-title elementor-size-default\">Abdeljalil<\/h2>\t\t\t\t<\/div>\n\t\t\t\t<\/div>\n\t\t\t\t<div class=\"elementor-element elementor-element-2e5f26b elementor-widget elementor-widget-text-editor\" data-id=\"2e5f26b\" data-element_type=\"widget\" data-e-type=\"widget\" data-widget_type=\"text-editor.default\">\n\t\t\t\t<div class=\"elementor-widget-container\">\n\t\t\t\t\t\t\t\t\t<span style=\"font-family: 'comic sans ms', sans-serif; font-size: 14pt;\">Lernen Sie Abdeljalil kennen, einen zertifizierten Reiseleiter mit Sitz in Ouarzazate, der f\u00fcr sein umfassendes Fachwissen bekannt ist. Mit seinem reichen Erfahrungsschatz sorgt Abdeljalil f\u00fcr unvergessliche Erkundungen der Wunder der Region. Vertrauen Sie darauf, dass er Sie auf eine unvergessliche Reise durch Ouarzazate f\u00fchrt<\/span>\r\n\r\n<span style=\"font-family: 'comic sans ms', sans-serif; font-size: 14pt;\">\ud83d\udcde Telefon: +212614665772<\/span>\r\n\r\n<span style=\"font-family: 'comic sans ms', sans-serif; font-size: 14pt;\">\ud83d\udce7 E-Mail: booking@marrakech-desert-travel.com<\/span>\t\t\t\t\t\t\t\t<\/div>\n\t\t\t\t<\/div>\n\t\t\t\t<\/div>\n\t\t\t\t\t<\/div>\n\t\t\t\t<\/div>\n\t\t<div class=\"elementor-element elementor-element-90406ec e-flex e-con-boxed e-con e-parent\" data-id=\"90406ec\" data-element_type=\"container\" data-e-type=\"container\" data-settings=\"{&quot;background_background&quot;:&quot;gradient&quot;}\">\n\t\t\t\t\t<div class=\"e-con-inner\">\n\t\t<div class=\"elementor-element elementor-element-6da293e e-con-full e-flex e-con e-child\" data-id=\"6da293e\" data-element_type=\"container\" data-e-type=\"container\">\n\t\t\t\t<div class=\"elementor-element elementor-element-f3333e1 elementor-widget elementor-widget-image\" data-id=\"f3333e1\" data-element_type=\"widget\" data-e-type=\"widget\" data-widget_type=\"image.default\">\n\t\t\t\t<div class=\"elementor-widget-container\">\n\t\t\t\t\t\t\t\t\t\t\t\t\t\t\t<img decoding=\"async\" width=\"300\" height=\"300\" src=\"https:\/\/marrakech-desert-travel.com\/wp-content\/uploads\/2024\/03\/Desert-Tours-from-Marrakech-300x300.webp\" class=\"attachment-medium size-medium wp-image-5895\" alt=\"\" srcset=\"https:\/\/marrakech-desert-travel.com\/wp-content\/uploads\/2024\/03\/Desert-Tours-from-Marrakech-300x300.webp 300w, https:\/\/marrakech-desert-travel.com\/wp-content\/uploads\/2024\/03\/Desert-Tours-from-Marrakech-1024x1024.webp 1024w, https:\/\/marrakech-desert-travel.com\/wp-content\/uploads\/2024\/03\/Desert-Tours-from-Marrakech-150x150.webp 150w, https:\/\/marrakech-desert-travel.com\/wp-content\/uploads\/2024\/03\/Desert-Tours-from-Marrakech-768x768.webp 768w, https:\/\/marrakech-desert-travel.com\/wp-content\/uploads\/2024\/03\/Desert-Tours-from-Marrakech-1536x1536.webp 1536w, https:\/\/marrakech-desert-travel.com\/wp-content\/uploads\/2024\/03\/Desert-Tours-from-Marrakech-2048x2048.webp 2048w, https:\/\/marrakech-desert-travel.com\/wp-content\/uploads\/2024\/03\/Desert-Tours-from-Marrakech-600x600.webp 600w, https:\/\/marrakech-desert-travel.com\/wp-content\/uploads\/2024\/03\/Desert-Tours-from-Marrakech-100x100.webp 100w, https:\/\/marrakech-desert-travel.com\/wp-content\/uploads\/2024\/03\/Desert-Tours-from-Marrakech.webp 318w\" sizes=\"(max-width: 300px) 100vw, 300px\" \/>\t\t\t\t\t\t\t\t\t\t\t\t\t\t\t<\/div>\n\t\t\t\t<\/div>\n\t\t\t\t<\/div>\n\t\t<div class=\"elementor-element elementor-element-9db2d60 e-con-full e-flex e-con e-child\" data-id=\"9db2d60\" data-element_type=\"container\" data-e-type=\"container\">\n\t\t\t\t<div class=\"elementor-element elementor-element-974b13f elementor-widget elementor-widget-heading\" data-id=\"974b13f\" data-element_type=\"widget\" data-e-type=\"widget\" data-widget_type=\"heading.default\">\n\t\t\t\t<div class=\"elementor-widget-container\">\n\t\t\t\t\t<h2 class=\"elementor-heading-title elementor-size-default\">Ichou\u200b<\/h2>\t\t\t\t<\/div>\n\t\t\t\t<\/div>\n\t\t\t\t<div class=\"elementor-element elementor-element-f9bb71e elementor-widget elementor-widget-text-editor\" data-id=\"f9bb71e\" data-element_type=\"widget\" data-e-type=\"widget\" data-widget_type=\"text-editor.default\">\n\t\t\t\t<div class=\"elementor-widget-container\">\n\t\t\t\t\t\t\t\t\t<p><span style=\"font-family: 'comic sans ms', sans-serif; font-size: 14pt;\">Wir stellen Ihnen Ichou vor, unseren besten W\u00fcstenreisef\u00fchrer bei Marrakech Desert Travel. Mit viel Erfahrung und einer tiefen Verbindung zum Sand von Tamsahelt gestaltet Ichou unvergessliche W\u00fcstenabenteuer. Vertrauen Sie darauf, dass er Sie auf eine Reise voller Wunder und Entdeckungen f\u00fchrt.<\/span><\/p>\n<p><span style=\"font-family: 'comic sans ms', sans-serif; font-size: 14pt;\">\ud83d\udcde Telefon: +212-6-60-63-71-72<\/span><\/p>\n<p><span style=\"font-family: 'comic sans ms', sans-serif; font-size: 14pt;\">\ud83d\udce7 E-Mail: booking@marrakech-desert-travel.com<\/span><\/p>\n\t\t\t\t\t\t\t\t<\/div>\n\t\t\t\t<\/div>\n\t\t\t\t<\/div>\n\t\t\t\t\t<\/div>\n\t\t\t\t<\/div>\n\t\t\t\t<\/div>\n\t\t","protected":false},"excerpt":{"rendered":"<p>Omar Entdecken Sie Marrakesch durch die Augen eines erfahrenen lokalen Experten, Omar. Omar ist von der marokkanischen Tourismusbeh\u00f6rde zertifiziert und bringt eine F\u00fclle von Wissen und Leidenschaft mit, um die Sch\u00f6nheit und den kulturellen Reichtum seines Heimatlandes zu pr\u00e4sentieren. Mit Omar als Reisef\u00fchrer enth\u00fcllen Sie die Geheimnisse der gesch\u00e4ftigen M\u00e4rkte, versteckten Sch\u00e4tze und historischen St\u00e4tten [&hellip;]<\/p>\n","protected":false},"author":1,"featured_media":5745,"parent":0,"menu_order":0,"comment_status":"closed","ping_status":"closed","template":"elementor_header_footer","meta":{"_monsterinsights_skip_tracking":false,"_monsterinsights_sitenote_active":false,"_monsterinsights_sitenote_note":"","_monsterinsights_sitenote_category":0,"footnotes":""},"class_list":["post-6846","page","type-page","status-publish","has-post-thumbnail","hentry"],"yoast_head":"<!-- This site is optimized with the Yoast SEO plugin v27.4 - https:\/\/yoast.com\/product\/yoast-seo-wordpress\/ -->\n<title>\u00dcber uns<\/title>\n<meta name=\"robots\" content=\"index, follow, max-snippet:-1, max-image-preview:large, max-video-preview:-1\" \/>\n<link rel=\"canonical\" href=\"https:\/\/marrakech-desert-travel.com\/about-us\/\" \/>\n<meta property=\"og:locale\" content=\"de_DE\" \/>\n<meta property=\"og:type\" content=\"article\" \/>\n<meta property=\"og:title\" content=\"\u00dcber uns\" \/>\n<meta property=\"og:description\" content=\"Omar Entdecken Sie Marrakesch durch die Augen eines erfahrenen lokalen Experten, Omar. Omar ist von der marokkanischen Tourismusbeh\u00f6rde zertifiziert und bringt eine F\u00fclle von Wissen und Leidenschaft mit, um die Sch\u00f6nheit und den kulturellen Reichtum seines Heimatlandes zu pr\u00e4sentieren. Mit Omar als Reisef\u00fchrer enth\u00fcllen Sie die Geheimnisse der gesch\u00e4ftigen M\u00e4rkte, versteckten Sch\u00e4tze und historischen St\u00e4tten [&hellip;]\" \/>\n<meta property=\"og:url\" content=\"https:\/\/marrakech-desert-travel.com\/about-us\/\" \/>\n<meta property=\"og:site_name\" content=\"Marrakech Desert Travel\" \/>\n<meta property=\"article:modified_time\" content=\"2024-04-04T12:26:49+00:00\" \/>\n<meta property=\"og:image\" content=\"https:\/\/marrakech-desert-travel.com\/wp-content\/uploads\/2024\/03\/5d6dc39fb8496e75de99b83d_Screen-Shot-2019-09-02-at-9.36.12-PM-1024x1024.png\" \/>\n\t<meta property=\"og:image:width\" content=\"1024\" \/>\n\t<meta property=\"og:image:height\" content=\"1024\" \/>\n\t<meta property=\"og:image:type\" content=\"image\/png\" \/>\n<meta name=\"twitter:card\" content=\"summary_large_image\" \/>\n<meta name=\"twitter:label1\" content=\"Gesch\u00e4tzte Lesezeit\" \/>\n\t<meta name=\"twitter:data1\" content=\"1\u00a0Minute\" \/>\n<script type=\"application\/ld+json\" class=\"yoast-schema-graph\">{\"@context\":\"https:\\\/\\\/schema.org\",\"@graph\":[{\"@type\":\"WebPage\",\"@id\":\"https:\\\/\\\/marrakech-desert-travel.com\\\/about-us\\\/\",\"url\":\"https:\\\/\\\/marrakech-desert-travel.com\\\/about-us\\\/\",\"name\":\"\u00dcber uns\",\"isPartOf\":{\"@id\":\"https:\\\/\\\/marrakech-desert-travel.com\\\/#website\"},\"primaryImageOfPage\":{\"@id\":\"https:\\\/\\\/marrakech-desert-travel.com\\\/about-us\\\/#primaryimage\"},\"image\":{\"@id\":\"https:\\\/\\\/marrakech-desert-travel.com\\\/about-us\\\/#primaryimage\"},\"thumbnailUrl\":\"https:\\\/\\\/marrakech-desert-travel.com\\\/wp-content\\\/uploads\\\/2024\\\/03\\\/5d6dc39fb8496e75de99b83d_Screen-Shot-2019-09-02-at-9.36.12-PM.png\",\"datePublished\":\"2024-03-23T13:24:15+00:00\",\"dateModified\":\"2024-04-04T12:26:49+00:00\",\"breadcrumb\":{\"@id\":\"https:\\\/\\\/marrakech-desert-travel.com\\\/about-us\\\/#breadcrumb\"},\"inLanguage\":\"de\",\"potentialAction\":[{\"@type\":\"ReadAction\",\"target\":[\"https:\\\/\\\/marrakech-desert-travel.com\\\/about-us\\\/\"]}]},{\"@type\":\"ImageObject\",\"inLanguage\":\"de\",\"@id\":\"https:\\\/\\\/marrakech-desert-travel.com\\\/about-us\\\/#primaryimage\",\"url\":\"https:\\\/\\\/marrakech-desert-travel.com\\\/wp-content\\\/uploads\\\/2024\\\/03\\\/5d6dc39fb8496e75de99b83d_Screen-Shot-2019-09-02-at-9.36.12-PM.png\",\"contentUrl\":\"https:\\\/\\\/marrakech-desert-travel.com\\\/wp-content\\\/uploads\\\/2024\\\/03\\\/5d6dc39fb8496e75de99b83d_Screen-Shot-2019-09-02-at-9.36.12-PM.png\",\"width\":1602,\"height\":1122},{\"@type\":\"BreadcrumbList\",\"@id\":\"https:\\\/\\\/marrakech-desert-travel.com\\\/about-us\\\/#breadcrumb\",\"itemListElement\":[{\"@type\":\"ListItem\",\"position\":1,\"name\":\"Home\",\"item\":\"https:\\\/\\\/marrakech-desert-travel.com\\\/de\\\/\"},{\"@type\":\"ListItem\",\"position\":2,\"name\":\"\u00dcber uns\"}]},{\"@type\":\"WebSite\",\"@id\":\"https:\\\/\\\/marrakech-desert-travel.com\\\/#website\",\"url\":\"https:\\\/\\\/marrakech-desert-travel.com\\\/\",\"name\":\"Marrakech Desert Travel\",\"description\":\"Marrakech Travel Agency\",\"publisher\":{\"@id\":\"https:\\\/\\\/marrakech-desert-travel.com\\\/#organization\"},\"potentialAction\":[{\"@type\":\"SearchAction\",\"target\":{\"@type\":\"EntryPoint\",\"urlTemplate\":\"https:\\\/\\\/marrakech-desert-travel.com\\\/?s={search_term_string}\"},\"query-input\":{\"@type\":\"PropertyValueSpecification\",\"valueRequired\":true,\"valueName\":\"search_term_string\"}}],\"inLanguage\":\"de\"},{\"@type\":\"Organization\",\"@id\":\"https:\\\/\\\/marrakech-desert-travel.com\\\/#organization\",\"name\":\"Marrakech Desert Travel\",\"url\":\"https:\\\/\\\/marrakech-desert-travel.com\\\/\",\"logo\":{\"@type\":\"ImageObject\",\"inLanguage\":\"de\",\"@id\":\"https:\\\/\\\/marrakech-desert-travel.com\\\/#\\\/schema\\\/logo\\\/image\\\/\",\"url\":\"https:\\\/\\\/marrakech-desert-travel.com\\\/wp-content\\\/uploads\\\/2024\\\/03\\\/Marrakech-deset-travel-logo.png\",\"contentUrl\":\"https:\\\/\\\/marrakech-desert-travel.com\\\/wp-content\\\/uploads\\\/2024\\\/03\\\/Marrakech-deset-travel-logo.png\",\"width\":500,\"height\":215,\"caption\":\"Marrakech Desert Travel\"},\"image\":{\"@id\":\"https:\\\/\\\/marrakech-desert-travel.com\\\/#\\\/schema\\\/logo\\\/image\\\/\"}}]}<\/script>\n<!-- \/ Yoast SEO plugin. -->","yoast_head_json":{"title":"\u00dcber uns","robots":{"index":"index","follow":"follow","max-snippet":"max-snippet:-1","max-image-preview":"max-image-preview:large","max-video-preview":"max-video-preview:-1"},"canonical":"https:\/\/marrakech-desert-travel.com\/about-us\/","og_locale":"de_DE","og_type":"article","og_title":"\u00dcber uns","og_description":"Omar Entdecken Sie Marrakesch durch die Augen eines erfahrenen lokalen Experten, Omar. Omar ist von der marokkanischen Tourismusbeh\u00f6rde zertifiziert und bringt eine F\u00fclle von Wissen und Leidenschaft mit, um die Sch\u00f6nheit und den kulturellen Reichtum seines Heimatlandes zu pr\u00e4sentieren. Mit Omar als Reisef\u00fchrer enth\u00fcllen Sie die Geheimnisse der gesch\u00e4ftigen M\u00e4rkte, versteckten Sch\u00e4tze und historischen St\u00e4tten [&hellip;]","og_url":"https:\/\/marrakech-desert-travel.com\/about-us\/","og_site_name":"Marrakech Desert Travel","article_modified_time":"2024-04-04T12:26:49+00:00","og_image":[{"width":1024,"height":1024,"url":"https:\/\/marrakech-desert-travel.com\/wp-content\/uploads\/2024\/03\/5d6dc39fb8496e75de99b83d_Screen-Shot-2019-09-02-at-9.36.12-PM-1024x1024.png","type":"image\/png"}],"twitter_card":"summary_large_image","twitter_misc":{"Gesch\u00e4tzte Lesezeit":"1\u00a0Minute"},"schema":{"@context":"https:\/\/schema.org","@graph":[{"@type":"WebPage","@id":"https:\/\/marrakech-desert-travel.com\/about-us\/","url":"https:\/\/marrakech-desert-travel.com\/about-us\/","name":"\u00dcber uns","isPartOf":{"@id":"https:\/\/marrakech-desert-travel.com\/#website"},"primaryImageOfPage":{"@id":"https:\/\/marrakech-desert-travel.com\/about-us\/#primaryimage"},"image":{"@id":"https:\/\/marrakech-desert-travel.com\/about-us\/#primaryimage"},"thumbnailUrl":"https:\/\/marrakech-desert-travel.com\/wp-content\/uploads\/2024\/03\/5d6dc39fb8496e75de99b83d_Screen-Shot-2019-09-02-at-9.36.12-PM.png","datePublished":"2024-03-23T13:24:15+00:00","dateModified":"2024-04-04T12:26:49+00:00","breadcrumb":{"@id":"https:\/\/marrakech-desert-travel.com\/about-us\/#breadcrumb"},"inLanguage":"de","potentialAction":[{"@type":"ReadAction","target":["https:\/\/marrakech-desert-travel.com\/about-us\/"]}]},{"@type":"ImageObject","inLanguage":"de","@id":"https:\/\/marrakech-desert-travel.com\/about-us\/#primaryimage","url":"https:\/\/marrakech-desert-travel.com\/wp-content\/uploads\/2024\/03\/5d6dc39fb8496e75de99b83d_Screen-Shot-2019-09-02-at-9.36.12-PM.png","contentUrl":"https:\/\/marrakech-desert-travel.com\/wp-content\/uploads\/2024\/03\/5d6dc39fb8496e75de99b83d_Screen-Shot-2019-09-02-at-9.36.12-PM.png","width":1602,"height":1122},{"@type":"BreadcrumbList","@id":"https:\/\/marrakech-desert-travel.com\/about-us\/#breadcrumb","itemListElement":[{"@type":"ListItem","position":1,"name":"Home","item":"https:\/\/marrakech-desert-travel.com\/de\/"},{"@type":"ListItem","position":2,"name":"\u00dcber uns"}]},{"@type":"WebSite","@id":"https:\/\/marrakech-desert-travel.com\/#website","url":"https:\/\/marrakech-desert-travel.com\/","name":"Marrakech Desert Travel","description":"Marrakech Travel Agency","publisher":{"@id":"https:\/\/marrakech-desert-travel.com\/#organization"},"potentialAction":[{"@type":"SearchAction","target":{"@type":"EntryPoint","urlTemplate":"https:\/\/marrakech-desert-travel.com\/?s={search_term_string}"},"query-input":{"@type":"PropertyValueSpecification","valueRequired":true,"valueName":"search_term_string"}}],"inLanguage":"de"},{"@type":"Organization","@id":"https:\/\/marrakech-desert-travel.com\/#organization","name":"Marrakech Desert Travel","url":"https:\/\/marrakech-desert-travel.com\/","logo":{"@type":"ImageObject","inLanguage":"de","@id":"https:\/\/marrakech-desert-travel.com\/#\/schema\/logo\/image\/","url":"https:\/\/marrakech-desert-travel.com\/wp-content\/uploads\/2024\/03\/Marrakech-deset-travel-logo.png","contentUrl":"https:\/\/marrakech-desert-travel.com\/wp-content\/uploads\/2024\/03\/Marrakech-deset-travel-logo.png","width":500,"height":215,"caption":"Marrakech Desert Travel"},"image":{"@id":"https:\/\/marrakech-desert-travel.com\/#\/schema\/logo\/image\/"}}]}},"_links":{"self":[{"href":"https:\/\/marrakech-desert-travel.com\/de\/wp-json\/wp\/v2\/pages\/6846","targetHints":{"allow":["GET"]}}],"collection":[{"href":"https:\/\/marrakech-desert-travel.com\/de\/wp-json\/wp\/v2\/pages"}],"about":[{"href":"https:\/\/marrakech-desert-travel.com\/de\/wp-json\/wp\/v2\/types\/page"}],"author":[{"embeddable":true,"href":"https:\/\/marrakech-desert-travel.com\/de\/wp-json\/wp\/v2\/users\/1"}],"replies":[{"embeddable":true,"href":"https:\/\/marrakech-desert-travel.com\/de\/wp-json\/wp\/v2\/comments?post=6846"}],"version-history":[{"count":2,"href":"https:\/\/marrakech-desert-travel.com\/de\/wp-json\/wp\/v2\/pages\/6846\/revisions"}],"predecessor-version":[{"id":8077,"href":"https:\/\/marrakech-desert-travel.com\/de\/wp-json\/wp\/v2\/pages\/6846\/revisions\/8077"}],"wp:featuredmedia":[{"embeddable":true,"href":"https:\/\/marrakech-desert-travel.com\/de\/wp-json\/wp\/v2\/media\/5745"}],"wp:attachment":[{"href":"https:\/\/marrakech-desert-travel.com\/de\/wp-json\/wp\/v2\/media?parent=6846"}],"curies":[{"name":"wp","href":"https:\/\/api.w.org\/{rel}","templated":true}]}}